{"id":4487,"date":"2020-03-09T02:54:01","date_gmt":"2020-03-09T01:54:01","guid":{"rendered":"https:\/\/lingva.com\/?page_id=4487"},"modified":"2020-03-09T02:54:17","modified_gmt":"2020-03-09T01:54:17","slug":"lingva-koderi","status":"publish","type":"page","link":"https:\/\/lingva.com\/en\/lingva-koderi\/","title":{"rendered":"Lingva KODERI"},"content":{"rendered":"<h2>novo u Lingvi &#8211; \u0161kola programiranja za decu<\/h2>\n<h1 style=\"text-align: center;\"><span style=\"color: #ff0000;\">Lingva KODERI<\/span><\/h1>\n<h2 style=\"text-align: right;\">tromese\u010dni kursevi za decu od 6 do 13 godina<\/h2>\n<p><img loading=\"lazy\" decoding=\"async\" class=\"aligncenter wp-image-4491\" src=\"https:\/\/lingva.com\/wp-content\/uploads\/2020\/03\/lingva-koderi-promo-final.jpg\" alt=\"\" width=\"480\" height=\"675\" srcset=\"https:\/\/lingva.com\/wp-content\/uploads\/2020\/03\/lingva-koderi-promo-final.jpg 575w, https:\/\/lingva.com\/wp-content\/uploads\/2020\/03\/lingva-koderi-promo-final-213x300.jpg 213w\" sizes=\"(max-width: 480px) 100vw, 480px\" \/><\/p>\n<h3>Va\u017enost kodiranja za decu<\/h3>\n<p>U\u010denje kodiranja od malih nogu priprema decu za budu\u0107nost. Kodiranje je jedna od osnovnih ve\u0161tina i va\u017eno je da ga deca u\u010de i koriste da bi razumeli tehnologiju sa kojom se sre\u0107emo na svakom koraku. Kodiranje razvija komunikativnost, kreativnost, matemati\u010dke i jezi\u010dke ve\u0161tine i, uz sve to, neizmerno podi\u017ee samopouzdanje. <strong><span style=\"color: #ff0000;\">Kodirajmo kod Lingve!<\/span><\/strong><\/p>\n<p>Deca ve\u017ebaju razmi\u0161ljanje o zadatku ili o postizanju cilja, onako kako se u postupku re\u0161avanja zadatka ili postizanja cilja, mo\u017ee iskoristiti ra\u010dunarska tehnologija. Mo\u017eda je neki zadatak jednostavan, pa dete nau\u010di napamet re\u0161enje tog zadatka. Ali dete nije upoznalo postupak re\u0161avanja zadatka. I kada se promene uslovi zadatka, dete ne pronalazi re\u0161enje promenjenog zadatka, jer ne zna postupak re\u0161avanja zadatka. Zna samo re\u0161enje prvog, lakog, zadatka.<\/p>\n<p>Zato deca treba da uve\u017ebaju razmi\u0161ljanje o zadatku kako bi razumeli zadatak. Da smisle plan re\u0161avanja zadatka. Re\u0161enje zadatka da osmisle logi\u010dnim postupkom. Postupkom, \u010diji se delovi opisuju kodiranjem. Kodiranjem, kojim se mo\u017ee iskoristiti ra\u010dunar za re\u0161avanje zadatka. Ra\u010dunarskim razmi\u0161ljanjem.<\/p>\n<h2>Kursevi programiranja za decu<\/h2>\n<h3>Koder 1 &#8211; Scratch Junior, 6-8 godina<\/h3>\n<h3><img loading=\"lazy\" decoding=\"async\" class=\"alignright wp-image-4492\" src=\"https:\/\/lingva.com\/wp-content\/uploads\/2020\/03\/computer-fun-1st-grade-300x225.jpg\" alt=\"\" width=\"450\" height=\"338\" srcset=\"https:\/\/lingva.com\/wp-content\/uploads\/2020\/03\/computer-fun-1st-grade-300x225.jpg 300w, https:\/\/lingva.com\/wp-content\/uploads\/2020\/03\/computer-fun-1st-grade-1024x768.jpg 1024w, https:\/\/lingva.com\/wp-content\/uploads\/2020\/03\/computer-fun-1st-grade-768x576.jpg 768w, https:\/\/lingva.com\/wp-content\/uploads\/2020\/03\/computer-fun-1st-grade-1536x1152.jpg 1536w, https:\/\/lingva.com\/wp-content\/uploads\/2020\/03\/computer-fun-1st-grade-2048x1536.jpg 2048w\" sizes=\"(max-width: 450px) 100vw, 450px\" \/><\/h3>\n<p><em>Planiram da u Scratch Junior programu igricu kodiram,<\/em><br \/>\n<em>Nisam mali samo da se igram, mogu i ja da programiram.<\/em><\/p>\n<ul>\n<li>Halo, \u0161ta je algoritam<\/li>\n<li>Ra\u010dunaru, ko si i od kojih delova si<\/li>\n<li>Algoritam, razmi\u0161ljanju daje ritam<\/li>\n<li>Likove po pozornici programom pokre\u0107em, izgled im promenim, a i glas im dodelim<\/li>\n<li>Aha, sada shvatam \u0161ta se de\u0161ava, algoritmom se zadatak re\u0161ava<\/li>\n<li>Koordinatni sistem postoji na sre\u0107u, da kodiram kuda se likovi kre\u0107u<\/li>\n<li>Kodovima izgled igrice promeni\u0107u, pozadinu zameni\u0107u.<\/li>\n<\/ul>\n<p>&nbsp;<\/p>\n<h3>Koder 2 &#8211; Scratch, 9-11 godina<\/h3>\n<h3><img loading=\"lazy\" decoding=\"async\" class=\"alignright wp-image-4493\" src=\"https:\/\/lingva.com\/wp-content\/uploads\/2020\/03\/IMG_3-5-razred-300x225.jpg\" alt=\"\" width=\"450\" height=\"338\" srcset=\"https:\/\/lingva.com\/wp-content\/uploads\/2020\/03\/IMG_3-5-razred-300x225.jpg 300w, https:\/\/lingva.com\/wp-content\/uploads\/2020\/03\/IMG_3-5-razred-1024x768.jpg 1024w, https:\/\/lingva.com\/wp-content\/uploads\/2020\/03\/IMG_3-5-razred-768x576.jpg 768w, https:\/\/lingva.com\/wp-content\/uploads\/2020\/03\/IMG_3-5-razred-1536x1152.jpg 1536w, https:\/\/lingva.com\/wp-content\/uploads\/2020\/03\/IMG_3-5-razred-2048x1536.jpg 2048w\" sizes=\"(max-width: 450px) 100vw, 450px\" \/><\/h3>\n<p><em>Igricu i crtani film kodiram, to u Scratch-u ja programiram,<\/em><br \/>\n<em>Fora prava, igrica u Scratch-u bi\u0107e strava.<\/em><\/p>\n<ul>\n<li>Halo, \u0161ta je algoritam<\/li>\n<li>Ra\u010dunaru, ko si i od kojih delova si<\/li>\n<li>Koordinate, prostor osnivate, pod uglom se prostirete<\/li>\n<li>Promenljive ili varijable, sa\u010duvajte na\u0161e podatke<\/li>\n<li>Okru\u017eenje Scratch programa<\/li>\n<li>Kodiranje u Scratch programu<\/li>\n<li>Likovi i pozadine u Scratch programu<\/li>\n<li>Sabiranje, oduzimanje, mno\u017eenje i deljenje u Scratch programu<\/li>\n<li>Promenljive u Scratch programu, dodeljivanje podatka promenjlivoj.<\/li>\n<\/ul>\n<h3>Koder 3 \u2013 App Inventor i Pajton, 11-13 godina<\/h3>\n<h3><img loading=\"lazy\" decoding=\"async\" class=\"alignright wp-image-4494\" style=\"width 50%; float: right;\" src=\"https:\/\/lingva.com\/wp-content\/uploads\/2020\/03\/computer-fun-5-7-razred-300x225.jpg\" alt=\"\" width=\"450\" height=\"338\" srcset=\"https:\/\/lingva.com\/wp-content\/uploads\/2020\/03\/computer-fun-5-7-razred-300x225.jpg 300w, https:\/\/lingva.com\/wp-content\/uploads\/2020\/03\/computer-fun-5-7-razred-1024x768.jpg 1024w, https:\/\/lingva.com\/wp-content\/uploads\/2020\/03\/computer-fun-5-7-razred-768x576.jpg 768w, https:\/\/lingva.com\/wp-content\/uploads\/2020\/03\/computer-fun-5-7-razred-1536x1152.jpg 1536w, https:\/\/lingva.com\/wp-content\/uploads\/2020\/03\/computer-fun-5-7-razred-2048x1536.jpg 2048w\" sizes=\"(max-width: 450px) 100vw, 450px\" \/><\/h3>\n<p><em>Aplikaciju mobilnu kodiram, moj telefon programiram,<\/em><br \/>\n<em>Sa mobilnim lako \u0107u, aplikaciju napravi\u0107u.<\/em><br \/>\n<em>Ra\u010dunar i mobilni stati ne\u0107e, moj program njih pokre\u0107e!<\/em><\/p>\n<p><strong>App Inventor<\/strong><\/p>\n<ul>\n<li>Algoritamsko (ra\u010dunarsko) razmi\u0161ljanje o zadacima<\/li>\n<li>Radno okru\u017eenje App Inventora<\/li>\n<li>Povezivanje ra\u010dunara i mobilnog telefona<\/li>\n<li>Kodiranje kori\u0161\u0107enjem blokova<\/li>\n<li>Pojam promenljivih i kori\u0161\u0107enje promenljivih u kodiranju<\/li>\n<li>Programiranje doga\u0111aja,<\/li>\n<\/ul>\n<p><strong>Pajton<\/strong><\/p>\n<ul>\n<li>Linijski algoritmi i programi<\/li>\n<li>Naredbe, izrazi, operatori u programskom jeziku Pajton<\/li>\n<li>Tok programa, naredbe grananja<\/li>\n<li>Petlja za ponavljanje<\/li>\n<li>Petlje i grananje programskog koda<\/li>\n<li>Promenljive, tipovi podataka u programskom jeziku Pajton<\/li>\n<li>Jednostavne operacije u programskom jeziku Pajton.<\/li>\n<\/ul>\n<p><img loading=\"lazy\" decoding=\"async\" class=\"aligncenter wp-image-4495\" src=\"https:\/\/lingva.com\/wp-content\/uploads\/2020\/03\/lingva-koderi-poslednja-slika-1024x768.jpg\" alt=\"\" width=\"550\" height=\"413\" srcset=\"https:\/\/lingva.com\/wp-content\/uploads\/2020\/03\/lingva-koderi-poslednja-slika-1024x768.jpg 1024w, https:\/\/lingva.com\/wp-content\/uploads\/2020\/03\/lingva-koderi-poslednja-slika-300x225.jpg 300w, https:\/\/lingva.com\/wp-content\/uploads\/2020\/03\/lingva-koderi-poslednja-slika-768x576.jpg 768w, https:\/\/lingva.com\/wp-content\/uploads\/2020\/03\/lingva-koderi-poslednja-slika-1536x1152.jpg 1536w, https:\/\/lingva.com\/wp-content\/uploads\/2020\/03\/lingva-koderi-poslednja-slika-2048x1536.jpg 2048w\" sizes=\"(max-width: 550px) 100vw, 550px\" \/><\/p>\n","protected":false},"excerpt":{"rendered":"<p>novo u Lingvi &#8211; \u0161kola programiranja za decu Lingva KODERI tromese\u010dni kursevi za decu od 6 do 13 godina Va\u017enost kodiranja za decu U\u010denje kodiranja od malih nogu priprema decu za budu\u0107nost. Kodiranje je jedna od osnovnih ve\u0161tina i va\u017eno je da ga deca u\u010de i koriste da bi razumeli tehnologiju sa kojom se sre\u0107emo &hellip;<\/p>\n","protected":false},"author":1,"featured_media":0,"parent":0,"menu_order":0,"comment_status":"closed","ping_status":"closed","template":"","meta":{"footnotes":""},"_links":{"self":[{"href":"https:\/\/lingva.com\/en\/wp-json\/wp\/v2\/pages\/4487"}],"collection":[{"href":"https:\/\/lingva.com\/en\/wp-json\/wp\/v2\/pages"}],"about":[{"href":"https:\/\/lingva.com\/en\/wp-json\/wp\/v2\/types\/page"}],"author":[{"embeddable":true,"href":"https:\/\/lingva.com\/en\/wp-json\/wp\/v2\/users\/1"}],"replies":[{"embeddable":true,"href":"https:\/\/lingva.com\/en\/wp-json\/wp\/v2\/comments?post=4487"}],"version-history":[{"count":13,"href":"https:\/\/lingva.com\/en\/wp-json\/wp\/v2\/pages\/4487\/revisions"}],"predecessor-version":[{"id":4506,"href":"https:\/\/lingva.com\/en\/wp-json\/wp\/v2\/pages\/4487\/revisions\/4506"}],"wp:attachment":[{"href":"https:\/\/lingva.com\/en\/wp-json\/wp\/v2\/media?parent=4487"}],"curies":[{"name":"wp","href":"https:\/\/api.w.org\/{rel}","templated":true}]}}